{"id":37,"date":"2025-08-31T17:09:44","date_gmt":"2025-08-31T17:09:44","guid":{"rendered":"https:\/\/www.etsvoffenburg-handball.de\/dev-wordpress\/dev-wordpress\/about-us\/"},"modified":"2025-08-31T19:31:14","modified_gmt":"2025-08-31T19:31:14","slug":"about-us","status":"publish","type":"page","link":"https:\/\/www.etsvoffenburg-handball.de\/dev-wordpress\/dev-wordpress\/about-us\/","title":{"rendered":"\u00dcber uns"},"content":{"rendered":"\n<div class=\"wp-block-group alignfull has-global-padding is-layout-constrained wp-container-core-group-is-layout-35776a47 wp-block-group-is-layout-constrained\" style=\"padding-top:var(--wp--preset--spacing--x-large);padding-right:var(--wp--preset--spacing--medium);padding-bottom:var(--wp--preset--spacing--x-large);padding-left:var(--wp--preset--spacing--medium)\">\n<div class=\"wp-block-group alignwide is-layout-flow wp-container-core-group-is-layout-8a92f19b wp-block-group-is-layout-flow\">\n<h1 class=\"wp-block-heading has-text-align-center is-style-wide\">\u00dcber uns<\/h1>\n\n\n\n<hr class=\"wp-block-separator aligncenter has-text-color has-foreground-color has-alpha-channel-opacity has-foreground-background-color has-background is-style-dots\" style=\"margin-top:var(--wp--preset--spacing--large);margin-bottom:var(--wp--preset--spacing--large)\"\/>\n<\/div>\n\n\n\n<div class=\"wp-block-media-text alignwide has-media-on-the-right is-stacked-on-mobile is-vertically-aligned-center is-image-fill-element\" style=\"grid-template-columns:auto 35%\"><div class=\"wp-block-media-text__content\">\n<div class=\"wp-block-group has-global-padding is-layout-constrained wp-block-group-is-layout-constrained\" style=\"padding-top:var(--wp--preset--spacing--medium);padding-bottom:var(--wp--preset--spacing--medium)\">\n<div class=\"wp-block-group has-global-padding is-layout-constrained wp-container-core-group-is-layout-f5f3bcb8 wp-block-group-is-layout-constrained\">\n<p class=\"has-dark-color has-text-color has-link-color has-small-font-size wp-elements-469e9bc38bddd5ee0f3908b8292ddb1e\">Der ETSV Offenburg Handball ist Heimat f\u00fcr alle, die Handball lieben \u2013 von den j\u00fcngsten Nachwuchsspieler<em>innen bis zu unseren Herren. Was uns ausmacht? Teamgeist, Tempo und ein Umfeld, in dem sich Leistung und Freude am Sport die Hand geben. Unsere Trainer<\/em>innen arbeiten nachhaltig: Technik, Athletik und Spielverst\u00e4ndnis gehen Hand in Hand mit Respekt, Verantwortung und Zusammenhalt.<br>Heimspiele in der DJK Sporthalle sind ein Erlebnis: famili\u00e4re Atmosph\u00e4re, volle Emotionen und ein Publikum, das hinter der Mannschaft steht. Gleichzeitig investieren wir in die Zukunft: Kooperationen mit Schulen, Sichtungstage und gezielte F\u00f6rderung im Jugendbereich.<br>Wir sind in Offenburg verwurzelt \u2013 und offen f\u00fcr alle, die mitmachen wollen: als Spieler*in, als ehrenamtliche Unterst\u00fctzung, als Sponsor oder Fan. Handball beim ETSV hei\u00dft: gemeinsam besser werden, gemeinsam Erfolge feiern und gemeinsam durch schwere Phasen gehen. Wenn du Handball in einer starken Gemeinschaft erleben willst, bist du bei uns richtig.<\/p>\n<\/div>\n\n\n\n<div class=\"wp-block-buttons alignleft is-layout-flex wp-block-buttons-is-layout-flex\">\n<div class=\"wp-block-button is-style-sec is-style-outline is-style-outline--1\"><a class=\"wp-block-button__link wp-element-button\">Jetzt Mitglied werden<\/a><\/div>\n<\/div>\n<\/div>\n<\/div><figure class=\"wp-block-media-text__media\"><img loading=\"lazy\" decoding=\"async\" width=\"1024\" height=\"683\" src=\"https:\/\/www.etsvoffenburg-handball.de\/dev-wordpress\/dev-wordpress\/wp-content\/uploads\/2025\/08\/ChatGPT-Image-31.-Aug.-2025-21_21_49-1024x683.png\" alt=\"\" class=\"wp-image-69 size-full\" style=\"object-position:50% 50%\" srcset=\"https:\/\/www.etsvoffenburg-handball.de\/dev-wordpress\/dev-wordpress\/wp-content\/uploads\/2025\/08\/ChatGPT-Image-31.-Aug.-2025-21_21_49-1024x683.png 1024w, https:\/\/www.etsvoffenburg-handball.de\/dev-wordpress\/dev-wordpress\/wp-content\/uploads\/2025\/08\/ChatGPT-Image-31.-Aug.-2025-21_21_49-300x200.png 300w, https:\/\/www.etsvoffenburg-handball.de\/dev-wordpress\/dev-wordpress\/wp-content\/uploads\/2025\/08\/ChatGPT-Image-31.-Aug.-2025-21_21_49-768x512.png 768w, https:\/\/www.etsvoffenburg-handball.de\/dev-wordpress\/dev-wordpress\/wp-content\/uploads\/2025\/08\/ChatGPT-Image-31.-Aug.-2025-21_21_49.png 1536w\" sizes=\"auto, (max-width: 1024px) 100vw, 1024px\" \/><\/figure><\/div>\n<\/div>\n\n\n\n<p><\/p>\n","protected":false},"excerpt":{"rendered":"<p>\u00dcber uns Der ETSV Offenburg Handball ist Heimat f\u00fcr alle, die Handball lieben \u2013 von den j\u00fcngsten Nachwuchsspielerinnen bis zu unseren Herren. Was uns ausmacht? Teamgeist, Tempo und ein Umfeld, in dem sich Leistung und Freude am Sport die Hand geben. Unsere Trainerinnen arbeiten nachhaltig: Technik, Athletik und Spielverst\u00e4ndnis gehen Hand in Hand mit Respekt, [&hellip;]<\/p>\n","protected":false},"author":1,"featured_media":0,"parent":0,"menu_order":0,"comment_status":"closed","ping_status":"closed","template":"","meta":{"footnotes":""},"class_list":["post-37","page","type-page","status-publish","hentry"],"_links":{"self":[{"href":"https:\/\/www.etsvoffenburg-handball.de\/dev-wordpress\/dev-wordpress\/wp-json\/wp\/v2\/pages\/37","targetHints":{"allow":["GET"]}}],"collection":[{"href":"https:\/\/www.etsvoffenburg-handball.de\/dev-wordpress\/dev-wordpress\/wp-json\/wp\/v2\/pages"}],"about":[{"href":"https:\/\/www.etsvoffenburg-handball.de\/dev-wordpress\/dev-wordpress\/wp-json\/wp\/v2\/types\/page"}],"author":[{"embeddable":true,"href":"https:\/\/www.etsvoffenburg-handball.de\/dev-wordpress\/dev-wordpress\/wp-json\/wp\/v2\/users\/1"}],"replies":[{"embeddable":true,"href":"https:\/\/www.etsvoffenburg-handball.de\/dev-wordpress\/dev-wordpress\/wp-json\/wp\/v2\/comments?post=37"}],"version-history":[{"count":5,"href":"https:\/\/www.etsvoffenburg-handball.de\/dev-wordpress\/dev-wordpress\/wp-json\/wp\/v2\/pages\/37\/revisions"}],"predecessor-version":[{"id":73,"href":"https:\/\/www.etsvoffenburg-handball.de\/dev-wordpress\/dev-wordpress\/wp-json\/wp\/v2\/pages\/37\/revisions\/73"}],"wp:attachment":[{"href":"https:\/\/www.etsvoffenburg-handball.de\/dev-wordpress\/dev-wordpress\/wp-json\/wp\/v2\/media?parent=37"}],"curies":[{"name":"wp","href":"https:\/\/api.w.org\/{rel}","templated":true}]}}